{"id":612,"date":"2021-04-27T16:26:15","date_gmt":"2021-04-27T19:26:15","guid":{"rendered":"https:\/\/executivossimatletastambem.com.br\/?page_id=612"},"modified":"2021-07-20T12:49:10","modified_gmt":"2021-07-20T15:49:10","slug":"projeto","status":"publish","type":"page","link":"https:\/\/executivossimatletastambem.com.br\/index.php\/projeto\/","title":{"rendered":"Projeto"},"content":{"rendered":"\t\t<div data-elementor-type=\"wp-page\" data-elementor-id=\"612\" class=\"elementor elementor-612\" data-elementor-settings=\"[]\">\n\t\t\t\t\t\t\t<div class=\"elementor-section-wrap\">\n\t\t\t\t\t\t\t<section class=\"has_ae_slider elementor-section elementor-top-section elementor-element elementor-element-504aeee elementor-section-full_width elementor-section-height-default elementor-section-height-default ae-bg-gallery-type-default\" data-id=\"504aeee\" data-element_type=\"section\">\n\t\t\t\t\t\t<div class=\"elementor-container elementor-column-gap-no\">\n\t\t\t\t\t<div class=\"has_ae_slider elementor-column elementor-col-100 elementor-top-column elementor-element elementor-element-623faad ae-bg-gallery-type-default\" data-id=\"623faad\" data-element_type=\"column\">\n\t\t\t<div class=\"elementor-widget-wrap elementor-element-populated\">\n\t\t\t\t\t\t\t\t<div class=\"elementor-element elementor-element-05dbee4 elementor-widget elementor-widget-image\" data-id=\"05dbee4\" data-element_type=\"widget\" data-widget_type=\"image.default\">\n\t\t\t\t<div class=\"elementor-widget-container\">\n\t\t\t\t\t\t\t\t\t\t\t\t\t\t\t<img loading=\"lazy\" decoding=\"async\" width=\"2048\" height=\"501\" src=\"https:\/\/executivossimatletastambem.com.br\/wp-content\/uploads\/2021\/04\/BANNERS-ESAT-01-2048x501.jpg\" class=\"attachment-2048x2048 size-2048x2048\" alt=\"\" srcset=\"https:\/\/executivossimatletastambem.com.br\/wp-content\/uploads\/2021\/04\/BANNERS-ESAT-01-2048x501.jpg 2048w, https:\/\/executivossimatletastambem.com.br\/wp-content\/uploads\/2021\/04\/BANNERS-ESAT-01-300x73.jpg 300w, https:\/\/executivossimatletastambem.com.br\/wp-content\/uploads\/2021\/04\/BANNERS-ESAT-01-1024x251.jpg 1024w, https:\/\/executivossimatletastambem.com.br\/wp-content\/uploads\/2021\/04\/BANNERS-ESAT-01-768x188.jpg 768w, https:\/\/executivossimatletastambem.com.br\/wp-content\/uploads\/2021\/04\/BANNERS-ESAT-01-1536x376.jpg 1536w, https:\/\/executivossimatletastambem.com.br\/wp-content\/uploads\/2021\/04\/BANNERS-ESAT-01-1568x384.jpg 1568w\" sizes=\"auto, (max-width: 2048px) 100vw, 2048px\" \/>\t\t\t\t\t\t\t\t\t\t\t\t\t\t\t<\/div>\n\t\t\t\t<\/div>\n\t\t\t\t\t<\/div>\n\t\t<\/div>\n\t\t\t\t\t\t\t<\/div>\n\t\t<\/section>\n\t\t\t\t<section class=\"has_ae_slider elementor-section elementor-top-section elementor-element elementor-element-8f8f710 elementor-section-boxed elementor-section-height-default elementor-section-height-default ae-bg-gallery-type-default\" data-id=\"8f8f710\" data-element_type=\"section\" data-settings=\"{&quot;background_background&quot;:&quot;classic&quot;}\">\n\t\t\t\t\t\t<div class=\"elementor-container elementor-column-gap-default\">\n\t\t\t\t\t<div class=\"has_ae_slider elementor-column elementor-col-20 elementor-top-column elementor-element elementor-element-f23f222 ae-bg-gallery-type-default\" data-id=\"f23f222\" data-element_type=\"column\">\n\t\t\t<div class=\"elementor-widget-wrap\">\n\t\t\t\t\t\t\t\t\t<\/div>\n\t\t<\/div>\n\t\t\t\t<div class=\"has_ae_slider elementor-column elementor-col-20 elementor-top-column elementor-element elementor-element-d9fb8a8 ae-bg-gallery-type-default\" data-id=\"d9fb8a8\" data-element_type=\"column\" data-settings=\"{&quot;background_background&quot;:&quot;classic&quot;}\">\n\t\t\t<div class=\"elementor-widget-wrap\">\n\t\t\t\t\t\t\t\t\t<\/div>\n\t\t<\/div>\n\t\t\t\t<div class=\"has_ae_slider elementor-column elementor-col-20 elementor-top-column elementor-element elementor-element-492d18d ae-bg-gallery-type-default\" data-id=\"492d18d\" data-element_type=\"column\" data-settings=\"{&quot;background_background&quot;:&quot;classic&quot;}\">\n\t\t\t<div class=\"elementor-widget-wrap elementor-element-populated\">\n\t\t\t\t\t\t\t\t<div class=\"elementor-element elementor-element-660940d elementor-widget elementor-widget-spacer\" data-id=\"660940d\" data-element_type=\"widget\" data-widget_type=\"spacer.default\">\n\t\t\t\t<div class=\"elementor-widget-container\">\n\t\t\t\t\t<div class=\"elementor-spacer\">\n\t\t\t<div class=\"elementor-spacer-inner\"><\/div>\n\t\t<\/div>\n\t\t\t\t<\/div>\n\t\t\t\t<\/div>\n\t\t\t\t<div class=\"elementor-element elementor-element-3968852 elementor-widget elementor-widget-text-editor\" data-id=\"3968852\" data-element_type=\"widget\" data-widget_type=\"text-editor.default\">\n\t\t\t\t<div class=\"elementor-widget-container\">\n\t\t\t\t\t\t\t\t<p><strong>&#8220;EMPRESAS QUE N\u00c3O INVESTIREM NO BEM-ESTAR N\u00c3O SER\u00c3O COMPETITIVAS&#8221;<\/strong><\/p><p>Vontade de vencer, dedica\u00e7\u00e3o, resili\u00eancia, foco para tomadas r\u00e1pidas de decis\u00f5es, persist\u00eancia. Poder\u00edamos dizer que essas s\u00e3o comuns nos atletas, mas elas s\u00e3o tamb\u00e9m s\u00e3o comuns nos grandes l\u00edderes, aqueles executivos que se destacam no meio corporativo porque trazem os benef\u00edcios da pr\u00e1tica esportiva para seu ambiente de trabalho.<\/p><p>O DNA dos atletas e o dos executivos de sucesso \u00e9 o mesmo. Mas, o incentivo \u00e0 pr\u00e1tica esportiva nas empresas ainda tem muito caminho para percorrer. Segundo o Instituto Brasileiro de Geografia e Estat\u00edstica (IBGE), 40,3% dos adultos brasileiros s\u00e3o sedent\u00e1rios. O relat\u00f3rio IHRSA Global Report 2019 apontou que apenas 5% dos brasileiros frequentam academia. Dados que podem ajudar a justificar o fato de o Brasil estar no primeiro lugar no ranking de sedentarismo entre os pa\u00edses da Am\u00e9rica Latina e quinto no ranking mundial, segundo a Organiza\u00e7\u00e3o Mundial de Sa\u00fade (OMS). <b>Influenciar o mundo corporativo de que um programa de incentivo ao esporte individual cria um ambiente prop\u00edcio para o desenvolvimento de l\u00edderes mais colaborativos, empreendedores e com menos avers\u00e3o ao risco \u00e9 o objetivo do projeto \u201cExecutivos, sim! Atletas, tamb\u00e9m!\u201d<\/b>, idealizado pelos executivos e atletas, Claudinei Reche, Presidente da SKF para a Regi\u00e3o da Am\u00e9rica Latina e Silas Santana, Diretor Comercial para a Divis\u00e3o Industrial da SKF no Brasil.<\/p>\t\t\t\t\t\t<\/div>\n\t\t\t\t<\/div>\n\t\t\t\t<div class=\"elementor-element elementor-element-6a9a3ed elementor-widget elementor-widget-image\" data-id=\"6a9a3ed\" data-element_type=\"widget\" data-widget_type=\"image.default\">\n\t\t\t\t<div class=\"elementor-widget-container\">\n\t\t\t\t\t\t\t\t\t\t\t\t\t\t\t<img loading=\"lazy\" decoding=\"async\" width=\"605\" height=\"197\" src=\"https:\/\/executivossimatletastambem.com.br\/wp-content\/uploads\/2021\/07\/BANNERS-ESAT-05-QUEM-SOMOS-1024x334.jpg\" class=\"attachment-large size-large\" alt=\"\" srcset=\"https:\/\/executivossimatletastambem.com.br\/wp-content\/uploads\/2021\/07\/BANNERS-ESAT-05-QUEM-SOMOS-1024x334.jpg 1024w, https:\/\/executivossimatletastambem.com.br\/wp-content\/uploads\/2021\/07\/BANNERS-ESAT-05-QUEM-SOMOS-300x98.jpg 300w, https:\/\/executivossimatletastambem.com.br\/wp-content\/uploads\/2021\/07\/BANNERS-ESAT-05-QUEM-SOMOS-768x251.jpg 768w, https:\/\/executivossimatletastambem.com.br\/wp-content\/uploads\/2021\/07\/BANNERS-ESAT-05-QUEM-SOMOS-1536x501.jpg 1536w, https:\/\/executivossimatletastambem.com.br\/wp-content\/uploads\/2021\/07\/BANNERS-ESAT-05-QUEM-SOMOS-100x33.jpg 100w, https:\/\/executivossimatletastambem.com.br\/wp-content\/uploads\/2021\/07\/BANNERS-ESAT-05-QUEM-SOMOS-150x49.jpg 150w, https:\/\/executivossimatletastambem.com.br\/wp-content\/uploads\/2021\/07\/BANNERS-ESAT-05-QUEM-SOMOS-200x65.jpg 200w, https:\/\/executivossimatletastambem.com.br\/wp-content\/uploads\/2021\/07\/BANNERS-ESAT-05-QUEM-SOMOS-450x147.jpg 450w, https:\/\/executivossimatletastambem.com.br\/wp-content\/uploads\/2021\/07\/BANNERS-ESAT-05-QUEM-SOMOS-600x196.jpg 600w, https:\/\/executivossimatletastambem.com.br\/wp-content\/uploads\/2021\/07\/BANNERS-ESAT-05-QUEM-SOMOS-900x294.jpg 900w, https:\/\/executivossimatletastambem.com.br\/wp-content\/uploads\/2021\/07\/BANNERS-ESAT-05-QUEM-SOMOS.jpg 1772w\" sizes=\"auto, (max-width: 605px) 100vw, 605px\" \/>\t\t\t\t\t\t\t\t\t\t\t\t\t\t\t<\/div>\n\t\t\t\t<\/div>\n\t\t\t\t<div class=\"elementor-element elementor-element-d2a37dc elementor-widget elementor-widget-text-editor\" data-id=\"d2a37dc\" data-element_type=\"widget\" data-widget_type=\"text-editor.default\">\n\t\t\t\t<div class=\"elementor-widget-container\">\n\t\t\t\t\t\t\t\t<p>Com curadoria de Fabiana Monteiro, Presidente da Editora Global Partners, Oldair Oliveira, jornalista da Editora e dos atletas Ricardo Alves, Professor de Educa\u00e7\u00e3o F\u00edsica no Clube da SKF e Liciana Rossi, Educadora F\u00edsica, o projeto traz ainda o depoimento de 18 executivos de grandes multinacionais no livro \u201cExecutivos, sim! Atletas, tamb\u00e9m!\u201d, lan\u00e7ado pela Editora Global Partners, que comprovam na pr\u00e1tica como o esporte \u00e9 uma importante ferramenta de crescimento profissional e de autoconhecimento, al\u00e9m de relatarem, os benef\u00edcios que o incentivo a essa cultura esportiva trouxe para as organiza\u00e7\u00f5es que atuam. Vale ressaltar que o sedentarismo pode gerar um custo de US$ 54 bilh\u00f5es em assist\u00eancia m\u00e9dica direta para as empresas em todo o mundo. Globalmente, estima-se que ele custe US$ 14 bilh\u00f5es em perda de produtividade, segundo dados da OMS. A implementa\u00e7\u00e3o de pol\u00edticas que incentivem a pr\u00e1tica de atividades f\u00edsicas nas empresas se faz cada vez mais urgente. \u201cNosso objetivo \u00e9 sermos protagonistas e influenciar o meio corporativo, de que o est\u00edmulo coletivo de pr\u00e1ticas esportivas nas empresas, cria um melhor ambiente de trabalho, gera uma equipe mais saud\u00e1vel e, por consequ\u00eancia, desenvolve bons l\u00edderes que se valem de bons valores para liderar grandes equipes e neg\u00f3cios de forma sustent\u00e1vel e respons\u00e1vel\u201d, explica Claudinei Reche.<\/p><p>O projeto \u201cExecutivos, sim! Atletas, tamb\u00e9m!\u201d, tem a vis\u00e3o de que o mundo corporativo tem de se preocupar em gerar pessoas saud\u00e1veis para viverem bem a sua aposentadoria. Indiv\u00edduos pouco ativos apresentam um risco de 20% a 30% maior de morte em compara\u00e7\u00e3o a indiv\u00edduos fisicamente ativos. Segundo a OMS, 5 milh\u00f5es de mortes por ano poderiam ser evitadas se a popula\u00e7\u00e3o fosse mais ativa. Diante disso, o projeto prop\u00f5e o conciliamento entre crescimento profissional e um ambiente organizacional saud\u00e1vel. E, sem d\u00favidas, isso pode ser alcan\u00e7ado com essa alian\u00e7a, usando esporte como ferramenta de desenvolvimento pessoal, afinal, l\u00edderes e liderados s\u00e3o pessoas. &#8220;Vivemos a era da conectividade, que, por sua vez, exige ainda mais produtividade. Tudo em nome do crescimento: metas e resultados maiores com prazo e tempo menores. Essa realidade afeta a sa\u00fade dos colaboradores e tem se tornado um grande desafio para as empresas modernas. Empresas que n\u00e3o investirem no bem-estar de seus colaborares n\u00e3o ser\u00e3o competitivas, por isso, se faz urgente a mudan\u00e7a de mindset e a implementa\u00e7\u00e3o da cultura esportiva como ferramenta de autoconhecimento dentro dos ambientes de trabalho&#8221;, ressalta Silas Santana.<\/p>\t\t\t\t\t\t<\/div>\n\t\t\t\t<\/div>\n\t\t\t\t<div class=\"elementor-element elementor-element-6d014d0 elementor-widget elementor-widget-spacer\" data-id=\"6d014d0\" data-element_type=\"widget\" data-widget_type=\"spacer.default\">\n\t\t\t\t<div class=\"elementor-widget-container\">\n\t\t\t\t\t<div class=\"elementor-spacer\">\n\t\t\t<div class=\"elementor-spacer-inner\"><\/div>\n\t\t<\/div>\n\t\t\t\t<\/div>\n\t\t\t\t<\/div>\n\t\t\t\t\t<\/div>\n\t\t<\/div>\n\t\t\t\t<div class=\"has_ae_slider elementor-column elementor-col-20 elementor-top-column elementor-element elementor-element-bd0bc56 ae-bg-gallery-type-default\" data-id=\"bd0bc56\" data-element_type=\"column\" data-settings=\"{&quot;background_background&quot;:&quot;classic&quot;}\">\n\t\t\t<div class=\"elementor-widget-wrap\">\n\t\t\t\t\t\t\t\t\t<\/div>\n\t\t<\/div>\n\t\t\t\t<div class=\"has_ae_slider elementor-column elementor-col-20 elementor-top-column elementor-element elementor-element-0b74c88 ae-bg-gallery-type-default\" data-id=\"0b74c88\" data-element_type=\"column\" data-settings=\"{&quot;background_background&quot;:&quot;classic&quot;}\">\n\t\t\t<div class=\"elementor-widget-wrap\">\n\t\t\t\t\t\t\t\t\t<\/div>\n\t\t<\/div>\n\t\t\t\t\t\t\t<\/div>\n\t\t<\/section>\n\t\t\t\t<section class=\"has_ae_slider elementor-section elementor-top-section elementor-element elementor-element-5e5c180 elementor-section-boxed elementor-section-height-default elementor-section-height-default ae-bg-gallery-type-default\" data-id=\"5e5c180\" data-element_type=\"section\" data-settings=\"{&quot;background_background&quot;:&quot;classic&quot;}\">\n\t\t\t\t\t\t<div class=\"elementor-container elementor-column-gap-default\">\n\t\t\t\t\t<div class=\"has_ae_slider elementor-column elementor-col-100 elementor-top-column elementor-element elementor-element-b0be933 ae-bg-gallery-type-default\" data-id=\"b0be933\" data-element_type=\"column\">\n\t\t\t<div class=\"elementor-widget-wrap elementor-element-populated\">\n\t\t\t\t\t\t\t\t<div class=\"elementor-element elementor-element-c2819ca elementor-widget elementor-widget-spacer\" data-id=\"c2819ca\" data-element_type=\"widget\" data-widget_type=\"spacer.default\">\n\t\t\t\t<div class=\"elementor-widget-container\">\n\t\t\t\t\t<div class=\"elementor-spacer\">\n\t\t\t<div class=\"elementor-spacer-inner\"><\/div>\n\t\t<\/div>\n\t\t\t\t<\/div>\n\t\t\t\t<\/div>\n\t\t\t\t\t<\/div>\n\t\t<\/div>\n\t\t\t\t\t\t\t<\/div>\n\t\t<\/section>\n\t\t\t\t\t\t<\/div>\n\t\t\t\t\t<\/div>\n\t\t","protected":false},"excerpt":{"rendered":"<p>&#8220;EMPRESAS QUE N\u00c3O INVESTIREM NO BEM-ESTAR N\u00c3O SER\u00c3O COMPETITIVAS&#8221; Vontade de vencer, dedica\u00e7\u00e3o, resili\u00eancia, foco para tomadas r\u00e1pidas de decis\u00f5es, persist\u00eancia. Poder\u00edamos dizer que essas s\u00e3o comuns nos atletas, mas elas s\u00e3o tamb\u00e9m s\u00e3o comuns nos grandes l\u00edderes, aqueles executivos &hellip;<\/p>\n<p class=\"read-more\"> <a class=\"more-link\" href=\"https:\/\/executivossimatletastambem.com.br\/index.php\/projeto\/\"> <span class=\"screen-reader-text\">Projeto<\/span> Read More &raquo;<\/a><\/p>\n","protected":false},"author":1,"featured_media":0,"parent":0,"menu_order":0,"comment_status":"closed","ping_status":"closed","template":"elementor_canvas","meta":{"footnotes":""},"class_list":["post-612","page","type-page","status-publish","hentry"],"blog_post_layout_featured_media_urls":{"thumbnail":"","full":""},"categories_names":null,"comments_number":0,"_links":{"self":[{"href":"https:\/\/executivossimatletastambem.com.br\/index.php\/wp-json\/wp\/v2\/pages\/612","targetHints":{"allow":["GET"]}}],"collection":[{"href":"https:\/\/executivossimatletastambem.com.br\/index.php\/wp-json\/wp\/v2\/pages"}],"about":[{"href":"https:\/\/executivossimatletastambem.com.br\/index.php\/wp-json\/wp\/v2\/types\/page"}],"author":[{"embeddable":true,"href":"https:\/\/executivossimatletastambem.com.br\/index.php\/wp-json\/wp\/v2\/users\/1"}],"replies":[{"embeddable":true,"href":"https:\/\/executivossimatletastambem.com.br\/index.php\/wp-json\/wp\/v2\/comments?post=612"}],"version-history":[{"count":17,"href":"https:\/\/executivossimatletastambem.com.br\/index.php\/wp-json\/wp\/v2\/pages\/612\/revisions"}],"predecessor-version":[{"id":1236,"href":"https:\/\/executivossimatletastambem.com.br\/index.php\/wp-json\/wp\/v2\/pages\/612\/revisions\/1236"}],"wp:attachment":[{"href":"https:\/\/executivossimatletastambem.com.br\/index.php\/wp-json\/wp\/v2\/media?parent=612"}],"curies":[{"name":"wp","href":"https:\/\/api.w.org\/{rel}","templated":true}]}}